{"id":979,"date":"2023-09-12T20:14:22","date_gmt":"2023-09-12T19:14:22","guid":{"rendered":"https:\/\/muiptv.fr\/?post_type=product&#038;p=979"},"modified":"2025-12-23T18:49:25","modified_gmt":"2025-12-23T18:49:25","slug":"hot-iptv-activation%f0%9f%94%a5","status":"publish","type":"product","link":"https:\/\/muiptv.fr\/fr\/produit\/hot-iptv-activation%f0%9f%94%a5\/","title":{"rendered":"Activation de HOT IPTV\ud83d\udd25"},"content":{"rendered":"<p><strong>HOT IPTV PLAYER<\/strong> est un\u00a0<strong>Lecteur multim\u00e9dia g\u00e9n\u00e9ral<\/strong> et il n'inclut aucun contenu ni aucune liste de lecture.<\/p>\n<h4><strong>A propos de.. :<\/strong><\/h4>\n<p><strong>Lecteur HOT IPTV<\/strong> est un lecteur multim\u00e9dia rapide et avanc\u00e9 qui prend en charge plusieurs listes de lecture aux formats m3u et m3u8.<\/p>\n<p><strong>Lecteur HOT IPTV<\/strong> organiser la liste de lecture en cha\u00eenes de t\u00e9l\u00e9vision en direct, VOD (vid\u00e9o \u00e0 la demande), s\u00e9ries et rediffusion. Vous pouvez regarder vos vid\u00e9os, cha\u00eenes de streaming et programmes t\u00e9l\u00e9vis\u00e9s pr\u00e9f\u00e9r\u00e9s dans un format de tr\u00e8s haute qualit\u00e9.<\/p>","protected":false},"excerpt":{"rendered":"<p><strong>HOT IPTV PLAYER<\/strong> est un\u00a0<strong>Lecteur multim\u00e9dia g\u00e9n\u00e9ral<\/strong> et il n'inclut aucun contenu ni aucune liste de lecture.<\/p>\n<h4><strong>A propos de.. :<\/strong><\/h4>\n<p><strong>Lecteur HOT IPTV<\/strong> est un lecteur multim\u00e9dia rapide et avanc\u00e9 qui prend en charge plusieurs listes de lecture aux formats m3u et m3u8.<\/p>\n<p><strong>Lecteur HOT IPTV<\/strong> organiser la liste de lecture en cha\u00eenes de t\u00e9l\u00e9vision en direct, VOD (vid\u00e9o \u00e0 la demande), s\u00e9ries et rediffusion. Vous pouvez regarder vos vid\u00e9os, cha\u00eenes de streaming et programmes t\u00e9l\u00e9vis\u00e9s pr\u00e9f\u00e9r\u00e9s dans un format de tr\u00e8s haute qualit\u00e9.<\/p>","protected":false},"featured_media":3050,"comment_status":"open","ping_status":"closed","template":"","meta":[],"product_brand":[],"product_cat":[34],"product_tag":[],"class_list":{"0":"post-979","1":"product","2":"type-product","3":"status-publish","4":"has-post-thumbnail","6":"product_cat-software","8":"first","9":"instock","10":"featured","11":"shipping-taxable","12":"purchasable","13":"product-type-variable","14":"has-default-attributes"},"yoast_head":"<!-- This site is optimized with the Yoast SEO plugin v26.4 - https:\/\/yoast.com\/wordpress\/plugins\/seo\/ -->\n<title>HOT IPTV Activation\ud83d\udd25 - MUIPTV<\/title>\n<meta name=\"robots\" content=\"index, follow, max-snippet:-1, max-image-preview:large, max-video-preview:-1\" \/>\n<link rel=\"canonical\" href=\"https:\/\/muiptv.fr\/fr\/produit\/hot-iptv-activation\ud83d\udd25\/\" \/>\n<meta property=\"og:locale\" content=\"fr_FR\" \/>\n<meta property=\"og:type\" content=\"article\" \/>\n<meta property=\"og:title\" content=\"HOT IPTV Activation\ud83d\udd25 - MUIPTV\" \/>\n<meta property=\"og:description\" content=\"HOT IPTV PLAYER is a\u00a0General Media Player and it doesn&#039;t include any content or playlists. About: HOT IPTV Player is a fast and advanced Media Player that supports multi playlists in m3u and m3u8 formats.  HOT IPTV Player organize the playlist in Live TV channels, VOD (Video On Demand), Series and Replay. You can watch your favourite videos, streaming channels and tv programmes in a very high quality format.\" \/>\n<meta property=\"og:url\" content=\"https:\/\/muiptv.fr\/fr\/produit\/hot-iptv-activation\ud83d\udd25\/\" \/>\n<meta property=\"og:site_name\" content=\"MUIPTV\" \/>\n<meta property=\"article:modified_time\" content=\"2025-12-23T18:49:25+00:00\" \/>\n<meta property=\"og:image\" content=\"https:\/\/muiptv.fr\/wp-content\/uploads\/2023\/09\/HOT-IPTV.png\" \/>\n\t<meta property=\"og:image:width\" content=\"452\" \/>\n\t<meta property=\"og:image:height\" content=\"452\" \/>\n\t<meta property=\"og:image:type\" content=\"image\/png\" \/>\n<meta name=\"twitter:card\" content=\"summary_large_image\" \/>\n<meta name=\"twitter:label1\" content=\"Dur\u00e9e de lecture estim\u00e9e\" \/>\n\t<meta name=\"twitter:data1\" content=\"1 minute\" \/>\n<script type=\"application\/ld+json\" class=\"yoast-schema-graph\">{\"@context\":\"https:\/\/schema.org\",\"@graph\":[{\"@type\":\"WebPage\",\"@id\":\"https:\/\/muiptv.fr\/product\/hot-iptv-activation%f0%9f%94%a5\/\",\"url\":\"https:\/\/muiptv.fr\/product\/hot-iptv-activation%f0%9f%94%a5\/\",\"name\":\"HOT IPTV Activation\ud83d\udd25 - MUIPTV\",\"isPartOf\":{\"@id\":\"https:\/\/muiptv.com\/#website\"},\"primaryImageOfPage\":{\"@id\":\"https:\/\/muiptv.fr\/product\/hot-iptv-activation%f0%9f%94%a5\/#primaryimage\"},\"image\":{\"@id\":\"https:\/\/muiptv.fr\/product\/hot-iptv-activation%f0%9f%94%a5\/#primaryimage\"},\"thumbnailUrl\":\"https:\/\/muiptv.fr\/wp-content\/uploads\/2023\/09\/HOT-IPTV.png\",\"datePublished\":\"2023-09-12T19:14:22+00:00\",\"dateModified\":\"2025-12-23T18:49:25+00:00\",\"breadcrumb\":{\"@id\":\"https:\/\/muiptv.fr\/product\/hot-iptv-activation%f0%9f%94%a5\/#breadcrumb\"},\"inLanguage\":\"fr-FR\",\"potentialAction\":[{\"@type\":\"ReadAction\",\"target\":[\"https:\/\/muiptv.fr\/product\/hot-iptv-activation%f0%9f%94%a5\/\"]}]},{\"@type\":\"ImageObject\",\"inLanguage\":\"fr-FR\",\"@id\":\"https:\/\/muiptv.fr\/product\/hot-iptv-activation%f0%9f%94%a5\/#primaryimage\",\"url\":\"https:\/\/muiptv.fr\/wp-content\/uploads\/2023\/09\/HOT-IPTV.png\",\"contentUrl\":\"https:\/\/muiptv.fr\/wp-content\/uploads\/2023\/09\/HOT-IPTV.png\",\"width\":452,\"height\":452},{\"@type\":\"BreadcrumbList\",\"@id\":\"https:\/\/muiptv.fr\/product\/hot-iptv-activation%f0%9f%94%a5\/#breadcrumb\",\"itemListElement\":[{\"@type\":\"ListItem\",\"position\":1,\"name\":\"Home\",\"item\":\"https:\/\/muiptv.fr\/\"},{\"@type\":\"ListItem\",\"position\":2,\"name\":\"Shop\",\"item\":\"https:\/\/muiptv.com\/shop\/\"},{\"@type\":\"ListItem\",\"position\":3,\"name\":\"HOT IPTV Activation\ud83d\udd25\"}]},{\"@type\":\"WebSite\",\"@id\":\"https:\/\/muiptv.com\/#website\",\"url\":\"https:\/\/muiptv.com\/\",\"name\":\"MUIPTV\",\"description\":\"\",\"publisher\":{\"@id\":\"https:\/\/muiptv.com\/#organization\"},\"potentialAction\":[{\"@type\":\"SearchAction\",\"target\":{\"@type\":\"EntryPoint\",\"urlTemplate\":\"https:\/\/muiptv.com\/?s={search_term_string}\"},\"query-input\":{\"@type\":\"PropertyValueSpecification\",\"valueRequired\":true,\"valueName\":\"search_term_string\"}}],\"inLanguage\":\"fr-FR\"},{\"@type\":\"Organization\",\"@id\":\"https:\/\/muiptv.com\/#organization\",\"name\":\"MUIPTV\",\"url\":\"https:\/\/muiptv.com\/\",\"logo\":{\"@type\":\"ImageObject\",\"inLanguage\":\"fr-FR\",\"@id\":\"https:\/\/muiptv.com\/#\/schema\/logo\/image\/\",\"url\":\"https:\/\/muiptv.fr\/wp-content\/uploads\/2023\/09\/logo-png.png\",\"contentUrl\":\"https:\/\/muiptv.fr\/wp-content\/uploads\/2023\/09\/logo-png.png\",\"width\":717,\"height\":228,\"caption\":\"MUIPTV\"},\"image\":{\"@id\":\"https:\/\/muiptv.com\/#\/schema\/logo\/image\/\"}}]}<\/script>\n<!-- \/ Yoast SEO plugin. -->","yoast_head_json":{"title":"HOT IPTV Activation\ud83d\udd25 - MUIPTV","robots":{"index":"index","follow":"follow","max-snippet":"max-snippet:-1","max-image-preview":"max-image-preview:large","max-video-preview":"max-video-preview:-1"},"canonical":"https:\/\/muiptv.fr\/fr\/produit\/hot-iptv-activation\ud83d\udd25\/","og_locale":"fr_FR","og_type":"article","og_title":"HOT IPTV Activation\ud83d\udd25 - MUIPTV","og_description":"HOT IPTV PLAYER is a\u00a0General Media Player and it doesn't include any content or playlists. About: HOT IPTV Player is a fast and advanced Media Player that supports multi playlists in m3u and m3u8 formats.  HOT IPTV Player organize the playlist in Live TV channels, VOD (Video On Demand), Series and Replay. You can watch your favourite videos, streaming channels and tv programmes in a very high quality format.","og_url":"https:\/\/muiptv.fr\/fr\/produit\/hot-iptv-activation\ud83d\udd25\/","og_site_name":"MUIPTV","article_modified_time":"2025-12-23T18:49:25+00:00","og_image":[{"width":452,"height":452,"url":"https:\/\/muiptv.fr\/wp-content\/uploads\/2023\/09\/HOT-IPTV.png","type":"image\/png"}],"twitter_card":"summary_large_image","twitter_misc":{"Dur\u00e9e de lecture estim\u00e9e":"1 minute"},"schema":{"@context":"https:\/\/schema.org","@graph":[{"@type":"WebPage","@id":"https:\/\/muiptv.fr\/product\/hot-iptv-activation%f0%9f%94%a5\/","url":"https:\/\/muiptv.fr\/product\/hot-iptv-activation%f0%9f%94%a5\/","name":"HOT IPTV Activation\ud83d\udd25 - MUIPTV","isPartOf":{"@id":"https:\/\/muiptv.com\/#website"},"primaryImageOfPage":{"@id":"https:\/\/muiptv.fr\/product\/hot-iptv-activation%f0%9f%94%a5\/#primaryimage"},"image":{"@id":"https:\/\/muiptv.fr\/product\/hot-iptv-activation%f0%9f%94%a5\/#primaryimage"},"thumbnailUrl":"https:\/\/muiptv.fr\/wp-content\/uploads\/2023\/09\/HOT-IPTV.png","datePublished":"2023-09-12T19:14:22+00:00","dateModified":"2025-12-23T18:49:25+00:00","breadcrumb":{"@id":"https:\/\/muiptv.fr\/product\/hot-iptv-activation%f0%9f%94%a5\/#breadcrumb"},"inLanguage":"fr-FR","potentialAction":[{"@type":"ReadAction","target":["https:\/\/muiptv.fr\/product\/hot-iptv-activation%f0%9f%94%a5\/"]}]},{"@type":"ImageObject","inLanguage":"fr-FR","@id":"https:\/\/muiptv.fr\/product\/hot-iptv-activation%f0%9f%94%a5\/#primaryimage","url":"https:\/\/muiptv.fr\/wp-content\/uploads\/2023\/09\/HOT-IPTV.png","contentUrl":"https:\/\/muiptv.fr\/wp-content\/uploads\/2023\/09\/HOT-IPTV.png","width":452,"height":452},{"@type":"BreadcrumbList","@id":"https:\/\/muiptv.fr\/product\/hot-iptv-activation%f0%9f%94%a5\/#breadcrumb","itemListElement":[{"@type":"ListItem","position":1,"name":"Home","item":"https:\/\/muiptv.fr\/"},{"@type":"ListItem","position":2,"name":"Shop","item":"https:\/\/muiptv.com\/shop\/"},{"@type":"ListItem","position":3,"name":"HOT IPTV Activation\ud83d\udd25"}]},{"@type":"WebSite","@id":"https:\/\/muiptv.com\/#website","url":"https:\/\/muiptv.com\/","name":"MUIPTV","description":"","publisher":{"@id":"https:\/\/muiptv.com\/#organization"},"potentialAction":[{"@type":"SearchAction","target":{"@type":"EntryPoint","urlTemplate":"https:\/\/muiptv.com\/?s={search_term_string}"},"query-input":{"@type":"PropertyValueSpecification","valueRequired":true,"valueName":"search_term_string"}}],"inLanguage":"fr-FR"},{"@type":"Organization","@id":"https:\/\/muiptv.com\/#organization","name":"MUIPTV","url":"https:\/\/muiptv.com\/","logo":{"@type":"ImageObject","inLanguage":"fr-FR","@id":"https:\/\/muiptv.com\/#\/schema\/logo\/image\/","url":"https:\/\/muiptv.fr\/wp-content\/uploads\/2023\/09\/logo-png.png","contentUrl":"https:\/\/muiptv.fr\/wp-content\/uploads\/2023\/09\/logo-png.png","width":717,"height":228,"caption":"MUIPTV"},"image":{"@id":"https:\/\/muiptv.com\/#\/schema\/logo\/image\/"}}]}},"jetpack_sharing_enabled":true,"_links":{"self":[{"href":"https:\/\/muiptv.fr\/fr\/wp-json\/wp\/v2\/product\/979","targetHints":{"allow":["GET"]}}],"collection":[{"href":"https:\/\/muiptv.fr\/fr\/wp-json\/wp\/v2\/product"}],"about":[{"href":"https:\/\/muiptv.fr\/fr\/wp-json\/wp\/v2\/types\/product"}],"replies":[{"embeddable":true,"href":"https:\/\/muiptv.fr\/fr\/wp-json\/wp\/v2\/comments?post=979"}],"wp:featuredmedia":[{"embeddable":true,"href":"https:\/\/muiptv.fr\/fr\/wp-json\/wp\/v2\/media\/3050"}],"wp:attachment":[{"href":"https:\/\/muiptv.fr\/fr\/wp-json\/wp\/v2\/media?parent=979"}],"wp:term":[{"taxonomy":"product_brand","embeddable":true,"href":"https:\/\/muiptv.fr\/fr\/wp-json\/wp\/v2\/product_brand?post=979"},{"taxonomy":"product_cat","embeddable":true,"href":"https:\/\/muiptv.fr\/fr\/wp-json\/wp\/v2\/product_cat?post=979"},{"taxonomy":"product_tag","embeddable":true,"href":"https:\/\/muiptv.fr\/fr\/wp-json\/wp\/v2\/product_tag?post=979"}],"curies":[{"name":"wp","href":"https:\/\/api.w.org\/{rel}","templated":true}]}}