{"id":924,"date":"2023-09-12T20:14:08","date_gmt":"2023-09-12T19:14:08","guid":{"rendered":"https:\/\/muiptv.fr\/?post_type=product&#038;p=924"},"modified":"2025-12-02T19:46:26","modified_gmt":"2025-12-02T19:46:26","slug":"magnum-iptv-subscription%f0%9f%94%a5","status":"publish","type":"product","link":"https:\/\/muiptv.fr\/fr\/produit\/magnum-iptv-subscription%f0%9f%94%a5\/","title":{"rendered":"MAGNUM IPTV\ud83d\udd25"},"content":{"rendered":"<p>MAGNUM IPTV : Un large \u00e9ventail de cha\u00eenes de t\u00e9l\u00e9vision crypt\u00e9es, payantes et gratuites<br \/>\net des \u00e9missions en direct avec une connexion \u00e0 large bande accessible partout dans le monde.<br \/>\nFournit plusieurs cha\u00eenes internationales et vod pour tous les go\u00fbts et pour tous les \u00e2ges ....<\/p>","protected":false},"excerpt":{"rendered":"<p>MAGNUM IPTV : Un large \u00e9ventail de cha\u00eenes de t\u00e9l\u00e9vision crypt\u00e9es, payantes et gratuites<br \/>\net des \u00e9missions en direct avec une connexion \u00e0 large bande accessible partout dans le monde.<br \/>\nFournit plusieurs cha\u00eenes internationales et vod pour tous les go\u00fbts et pour tous les \u00e2ges ....<\/p>","protected":false},"featured_media":3014,"comment_status":"open","ping_status":"closed","template":"","meta":[],"product_brand":[],"product_cat":[21],"product_tag":[],"class_list":{"0":"post-924","1":"product","2":"type-product","3":"status-publish","4":"has-post-thumbnail","6":"product_cat-iptv-server","8":"first","9":"instock","10":"featured","11":"sold-individually","12":"shipping-taxable","13":"purchasable","14":"product-type-variable","15":"has-default-attributes"},"yoast_head":"<!-- This site is optimized with the Yoast SEO plugin v26.4 - https:\/\/yoast.com\/wordpress\/plugins\/seo\/ -->\n<title>MAGNUM IPTV\ud83d\udd25 - MUIPTV<\/title>\n<meta name=\"robots\" content=\"index, follow, max-snippet:-1, max-image-preview:large, max-video-preview:-1\" \/>\n<link rel=\"canonical\" href=\"https:\/\/muiptv.fr\/fr\/produit\/magnum-iptv-subscription\ud83d\udd25\/\" \/>\n<meta property=\"og:locale\" content=\"fr_FR\" \/>\n<meta property=\"og:type\" content=\"article\" \/>\n<meta property=\"og:title\" content=\"MAGNUM IPTV\ud83d\udd25 - MUIPTV\" \/>\n<meta property=\"og:description\" content=\"MAGNUM IPTV : A wide range of encrypted, pay and free television channels and live broadcasts with broadband connection accessible anywhere in the world. Provides several international and vod channels for all tastes and for all ages ....\" \/>\n<meta property=\"og:url\" content=\"https:\/\/muiptv.fr\/fr\/produit\/magnum-iptv-subscription\ud83d\udd25\/\" \/>\n<meta property=\"og:site_name\" content=\"MUIPTV\" \/>\n<meta property=\"article:modified_time\" content=\"2025-12-02T19:46:26+00:00\" \/>\n<meta property=\"og:image\" content=\"https:\/\/muiptv.fr\/wp-content\/uploads\/2023\/09\/MAGNUM-IPTV.png\" \/>\n\t<meta property=\"og:image:width\" content=\"452\" \/>\n\t<meta property=\"og:image:height\" content=\"452\" \/>\n\t<meta property=\"og:image:type\" content=\"image\/png\" \/>\n<meta name=\"twitter:card\" content=\"summary_large_image\" \/>\n<meta name=\"twitter:label1\" content=\"Dur\u00e9e de lecture estim\u00e9e\" \/>\n\t<meta name=\"twitter:data1\" content=\"1 minute\" \/>\n<script type=\"application\/ld+json\" class=\"yoast-schema-graph\">{\"@context\":\"https:\/\/schema.org\",\"@graph\":[{\"@type\":\"WebPage\",\"@id\":\"https:\/\/muiptv.fr\/product\/magnum-iptv-subscription%f0%9f%94%a5\/\",\"url\":\"https:\/\/muiptv.fr\/product\/magnum-iptv-subscription%f0%9f%94%a5\/\",\"name\":\"MAGNUM IPTV\ud83d\udd25 - MUIPTV\",\"isPartOf\":{\"@id\":\"https:\/\/muiptv.com\/#website\"},\"primaryImageOfPage\":{\"@id\":\"https:\/\/muiptv.fr\/product\/magnum-iptv-subscription%f0%9f%94%a5\/#primaryimage\"},\"image\":{\"@id\":\"https:\/\/muiptv.fr\/product\/magnum-iptv-subscription%f0%9f%94%a5\/#primaryimage\"},\"thumbnailUrl\":\"https:\/\/muiptv.fr\/wp-content\/uploads\/2023\/09\/MAGNUM-IPTV.png\",\"datePublished\":\"2023-09-12T19:14:08+00:00\",\"dateModified\":\"2025-12-02T19:46:26+00:00\",\"breadcrumb\":{\"@id\":\"https:\/\/muiptv.fr\/product\/magnum-iptv-subscription%f0%9f%94%a5\/#breadcrumb\"},\"inLanguage\":\"fr-FR\",\"potentialAction\":[{\"@type\":\"ReadAction\",\"target\":[\"https:\/\/muiptv.fr\/product\/magnum-iptv-subscription%f0%9f%94%a5\/\"]}]},{\"@type\":\"ImageObject\",\"inLanguage\":\"fr-FR\",\"@id\":\"https:\/\/muiptv.fr\/product\/magnum-iptv-subscription%f0%9f%94%a5\/#primaryimage\",\"url\":\"https:\/\/muiptv.fr\/wp-content\/uploads\/2023\/09\/MAGNUM-IPTV.png\",\"contentUrl\":\"https:\/\/muiptv.fr\/wp-content\/uploads\/2023\/09\/MAGNUM-IPTV.png\",\"width\":452,\"height\":452},{\"@type\":\"BreadcrumbList\",\"@id\":\"https:\/\/muiptv.fr\/product\/magnum-iptv-subscription%f0%9f%94%a5\/#breadcrumb\",\"itemListElement\":[{\"@type\":\"ListItem\",\"position\":1,\"name\":\"Home\",\"item\":\"https:\/\/muiptv.fr\/\"},{\"@type\":\"ListItem\",\"position\":2,\"name\":\"Shop\",\"item\":\"https:\/\/muiptv.com\/shop\/\"},{\"@type\":\"ListItem\",\"position\":3,\"name\":\"MAGNUM IPTV\ud83d\udd25\"}]},{\"@type\":\"WebSite\",\"@id\":\"https:\/\/muiptv.com\/#website\",\"url\":\"https:\/\/muiptv.com\/\",\"name\":\"MUIPTV\",\"description\":\"\",\"publisher\":{\"@id\":\"https:\/\/muiptv.com\/#organization\"},\"potentialAction\":[{\"@type\":\"SearchAction\",\"target\":{\"@type\":\"EntryPoint\",\"urlTemplate\":\"https:\/\/muiptv.com\/?s={search_term_string}\"},\"query-input\":{\"@type\":\"PropertyValueSpecification\",\"valueRequired\":true,\"valueName\":\"search_term_string\"}}],\"inLanguage\":\"fr-FR\"},{\"@type\":\"Organization\",\"@id\":\"https:\/\/muiptv.com\/#organization\",\"name\":\"MUIPTV\",\"url\":\"https:\/\/muiptv.com\/\",\"logo\":{\"@type\":\"ImageObject\",\"inLanguage\":\"fr-FR\",\"@id\":\"https:\/\/muiptv.com\/#\/schema\/logo\/image\/\",\"url\":\"https:\/\/muiptv.fr\/wp-content\/uploads\/2023\/09\/logo-png.png\",\"contentUrl\":\"https:\/\/muiptv.fr\/wp-content\/uploads\/2023\/09\/logo-png.png\",\"width\":717,\"height\":228,\"caption\":\"MUIPTV\"},\"image\":{\"@id\":\"https:\/\/muiptv.com\/#\/schema\/logo\/image\/\"}}]}<\/script>\n<!-- \/ Yoast SEO plugin. -->","yoast_head_json":{"title":"MAGNUM IPTV\ud83d\udd25 - MUIPTV","robots":{"index":"index","follow":"follow","max-snippet":"max-snippet:-1","max-image-preview":"max-image-preview:large","max-video-preview":"max-video-preview:-1"},"canonical":"https:\/\/muiptv.fr\/fr\/produit\/magnum-iptv-subscription\ud83d\udd25\/","og_locale":"fr_FR","og_type":"article","og_title":"MAGNUM IPTV\ud83d\udd25 - MUIPTV","og_description":"MAGNUM IPTV : A wide range of encrypted, pay and free television channels and live broadcasts with broadband connection accessible anywhere in the world. Provides several international and vod channels for all tastes and for all ages ....","og_url":"https:\/\/muiptv.fr\/fr\/produit\/magnum-iptv-subscription\ud83d\udd25\/","og_site_name":"MUIPTV","article_modified_time":"2025-12-02T19:46:26+00:00","og_image":[{"width":452,"height":452,"url":"https:\/\/muiptv.fr\/wp-content\/uploads\/2023\/09\/MAGNUM-IPTV.png","type":"image\/png"}],"twitter_card":"summary_large_image","twitter_misc":{"Dur\u00e9e de lecture estim\u00e9e":"1 minute"},"schema":{"@context":"https:\/\/schema.org","@graph":[{"@type":"WebPage","@id":"https:\/\/muiptv.fr\/product\/magnum-iptv-subscription%f0%9f%94%a5\/","url":"https:\/\/muiptv.fr\/product\/magnum-iptv-subscription%f0%9f%94%a5\/","name":"MAGNUM IPTV\ud83d\udd25 - MUIPTV","isPartOf":{"@id":"https:\/\/muiptv.com\/#website"},"primaryImageOfPage":{"@id":"https:\/\/muiptv.fr\/product\/magnum-iptv-subscription%f0%9f%94%a5\/#primaryimage"},"image":{"@id":"https:\/\/muiptv.fr\/product\/magnum-iptv-subscription%f0%9f%94%a5\/#primaryimage"},"thumbnailUrl":"https:\/\/muiptv.fr\/wp-content\/uploads\/2023\/09\/MAGNUM-IPTV.png","datePublished":"2023-09-12T19:14:08+00:00","dateModified":"2025-12-02T19:46:26+00:00","breadcrumb":{"@id":"https:\/\/muiptv.fr\/product\/magnum-iptv-subscription%f0%9f%94%a5\/#breadcrumb"},"inLanguage":"fr-FR","potentialAction":[{"@type":"ReadAction","target":["https:\/\/muiptv.fr\/product\/magnum-iptv-subscription%f0%9f%94%a5\/"]}]},{"@type":"ImageObject","inLanguage":"fr-FR","@id":"https:\/\/muiptv.fr\/product\/magnum-iptv-subscription%f0%9f%94%a5\/#primaryimage","url":"https:\/\/muiptv.fr\/wp-content\/uploads\/2023\/09\/MAGNUM-IPTV.png","contentUrl":"https:\/\/muiptv.fr\/wp-content\/uploads\/2023\/09\/MAGNUM-IPTV.png","width":452,"height":452},{"@type":"BreadcrumbList","@id":"https:\/\/muiptv.fr\/product\/magnum-iptv-subscription%f0%9f%94%a5\/#breadcrumb","itemListElement":[{"@type":"ListItem","position":1,"name":"Home","item":"https:\/\/muiptv.fr\/"},{"@type":"ListItem","position":2,"name":"Shop","item":"https:\/\/muiptv.com\/shop\/"},{"@type":"ListItem","position":3,"name":"MAGNUM IPTV\ud83d\udd25"}]},{"@type":"WebSite","@id":"https:\/\/muiptv.com\/#website","url":"https:\/\/muiptv.com\/","name":"MUIPTV","description":"","publisher":{"@id":"https:\/\/muiptv.com\/#organization"},"potentialAction":[{"@type":"SearchAction","target":{"@type":"EntryPoint","urlTemplate":"https:\/\/muiptv.com\/?s={search_term_string}"},"query-input":{"@type":"PropertyValueSpecification","valueRequired":true,"valueName":"search_term_string"}}],"inLanguage":"fr-FR"},{"@type":"Organization","@id":"https:\/\/muiptv.com\/#organization","name":"MUIPTV","url":"https:\/\/muiptv.com\/","logo":{"@type":"ImageObject","inLanguage":"fr-FR","@id":"https:\/\/muiptv.com\/#\/schema\/logo\/image\/","url":"https:\/\/muiptv.fr\/wp-content\/uploads\/2023\/09\/logo-png.png","contentUrl":"https:\/\/muiptv.fr\/wp-content\/uploads\/2023\/09\/logo-png.png","width":717,"height":228,"caption":"MUIPTV"},"image":{"@id":"https:\/\/muiptv.com\/#\/schema\/logo\/image\/"}}]}},"jetpack_sharing_enabled":true,"_links":{"self":[{"href":"https:\/\/muiptv.fr\/fr\/wp-json\/wp\/v2\/product\/924","targetHints":{"allow":["GET"]}}],"collection":[{"href":"https:\/\/muiptv.fr\/fr\/wp-json\/wp\/v2\/product"}],"about":[{"href":"https:\/\/muiptv.fr\/fr\/wp-json\/wp\/v2\/types\/product"}],"replies":[{"embeddable":true,"href":"https:\/\/muiptv.fr\/fr\/wp-json\/wp\/v2\/comments?post=924"}],"wp:featuredmedia":[{"embeddable":true,"href":"https:\/\/muiptv.fr\/fr\/wp-json\/wp\/v2\/media\/3014"}],"wp:attachment":[{"href":"https:\/\/muiptv.fr\/fr\/wp-json\/wp\/v2\/media?parent=924"}],"wp:term":[{"taxonomy":"product_brand","embeddable":true,"href":"https:\/\/muiptv.fr\/fr\/wp-json\/wp\/v2\/product_brand?post=924"},{"taxonomy":"product_cat","embeddable":true,"href":"https:\/\/muiptv.fr\/fr\/wp-json\/wp\/v2\/product_cat?post=924"},{"taxonomy":"product_tag","embeddable":true,"href":"https:\/\/muiptv.fr\/fr\/wp-json\/wp\/v2\/product_tag?post=924"}],"curies":[{"name":"wp","href":"https:\/\/api.w.org\/{rel}","templated":true}]}}